{"id":255,"date":"2020-07-28T11:52:11","date_gmt":"2020-07-28T11:52:11","guid":{"rendered":"https:\/\/scanliving.nordicmedia.org\/?page_id=255"},"modified":"2022-03-17T13:36:06","modified_gmt":"2022-03-17T13:36:06","slug":"kojeseng-fra-mojo","status":"publish","type":"page","link":"https:\/\/scanliving.dk\/de\/kojeseng-fra-mojo\/","title":{"rendered":"H\u00f8jseng fra Mojo"},"content":{"rendered":"<div data-elementor-type=\"wp-page\" data-elementor-id=\"255\" class=\"elementor elementor-255\" data-elementor-post-type=\"page\">\n\t\t\t\t\t\t<section class=\"elementor-section elementor-top-section elementor-element elementor-element-23a8b93e elementor-hidden-desktop elementor-hidden-tablet elementor-hidden-phone elementor-section-boxed elementor-section-height-default elementor-section-height-default\" data-id=\"23a8b93e\" data-element_type=\"section\" data-e-type=\"section\">\n\t\t\t\t\t\t<div class=\"elementor-container elementor-column-gap-default\">\n\t\t\t\t\t<div class=\"elementor-column elementor-col-50 elementor-top-column elementor-element elementor-element-31addba6\" data-id=\"31addba6\" data-element_type=\"column\" data-e-type=\"column\">\n\t\t\t<div class=\"elementor-widget-wrap elementor-element-populated\">\n\t\t\t\t\t\t<div class=\"elementor-element elementor-element-3b1365d5 elementor-widget elementor-widget-heading\" data-id=\"3b1365d5\" data-element_type=\"widget\" data-e-type=\"widget\" data-widget_type=\"heading.default\">\n\t\t\t\t<div class=\"elementor-widget-container\">\n\t\t\t\t\t<h2 class=\"elementor-heading-title elementor-size-default\">Produkt<\/h2>\t\t\t\t<\/div>\n\t\t\t\t<\/div>\n\t\t\t\t\t<\/div>\n\t\t<\/div>\n\t\t\t\t<div class=\"elementor-column elementor-col-50 elementor-top-column elementor-element elementor-element-5268103b\" data-id=\"5268103b\" data-element_type=\"column\" data-e-type=\"column\">\n\t\t\t<div class=\"elementor-widget-wrap elementor-element-populated\">\n\t\t\t\t\t\t<div class=\"elementor-element elementor-element-4b2d2abb elementor-widget elementor-widget-heading\" data-id=\"4b2d2abb\" data-element_type=\"widget\" data-e-type=\"widget\" data-widget_type=\"heading.default\">\n\t\t\t\t<div class=\"elementor-widget-container\">\n\t\t\t\t\t<h2 class=\"elementor-heading-title elementor-size-default\">H\u00f8jseng med gennemt\u00e6nkt design<\/h2>\t\t\t\t<\/div>\n\t\t\t\t<\/div>\n\t\t\t\t<div class=\"elementor-element elementor-element-6d5cd921 elementor-widget elementor-widget-text-editor\" data-id=\"6d5cd921\" data-element_type=\"widget\" data-e-type=\"widget\" data-widget_type=\"text-editor.default\">\n\t\t\t\t<div class=\"elementor-widget-container\">\n\t\t\t\t\t\t\t\t\t<p>Designet p\u00e5 vores h\u00f8jsenge er enkelt og passer ind til de fleste danske b\u00f8rnev\u00e6relser. Intet p\u00e5 vores h\u00f8jsenge er tilf\u00e6ldigt og er designet med \u00f8jne for dit barns sikkerhed og maximale komfort. H\u00f8jsengen kan som vores andre produkter, \u00e6ndres i h\u00f8jden hvis behovet skulle \u00e6ndres. Derudover kan vi tilbyde en r\u00e6kke l\u00e6kkert tilbeh\u00f8r, s\u00e5ledes du f\u00e5r det optimale ud af din nye seng fx kan du f\u00e5 en h\u00f8jseng med rutchebane. Vi har brugt de bedste materiale, hvilket betyder at kvaliteten er i top. Vi er derfor sikrer p\u00e5 at du og dit barn vil f\u00e5 gl\u00e6de af sin h\u00f8jseng i mange \u00e5r fremover.<\/p><p><b>Den alsidige h\u00f8jseng<\/b><br \/>Skal dit barn sove h\u00f8jt, s\u00e5 er en h\u00f8jseng den perfekte seng. Vores h\u00f8jsenge findes i to st\u00f8rrelser, men derudover har de samme muligheder. Med 137 cm luft under h\u00f8jsengen, er der masser plads til et skrivebord, reoler, opbevaring eller den kan ombygges til en k\u00f8jeseng. Det er kun din fantasi der s\u00e6tter gr\u00e6nsen. Du f\u00e5r med en h\u00f8jseng lov til at bruge den samme gulvplads to gange. En h\u00f8jseng er derfor optimal til sm\u00e5 v\u00e6relser, hvor hver en centimeter skal udnyttes optimalt.<\/p>\t\t\t\t\t\t\t\t<\/div>\n\t\t\t\t<\/div>\n\t\t\t\t\t<\/div>\n\t\t<\/div>\n\t\t\t\t\t<\/div>\n\t\t<\/section>\n\t\t\t\t<section class=\"elementor-section elementor-top-section elementor-element elementor-element-2addfc8 elementor-section-boxed elementor-section-height-default elementor-section-height-default\" data-id=\"2addfc8\" data-element_type=\"section\" data-e-type=\"section\">\n\t\t\t\t\t\t<div class=\"elementor-container elementor-column-gap-default\">\n\t\t\t\t\t<div class=\"elementor-column elementor-col-100 elementor-top-column elementor-element elementor-element-f54aeb0\" data-id=\"f54aeb0\" data-element_type=\"column\" data-e-type=\"column\">\n\t\t\t<div class=\"elementor-widget-wrap elementor-element-populated\">\n\t\t\t\t\t\t<div class=\"elementor-element elementor-element-effee0e elementor-widget elementor-widget-heading\" data-id=\"effee0e\" data-element_type=\"widget\" data-e-type=\"widget\" data-widget_type=\"heading.default\">\n\t\t\t\t<div class=\"elementor-widget-container\">\n\t\t\t\t\t<h2 class=\"elementor-heading-title elementor-size-default\">H\u00f8jseng med gennemt\u00e6nkt design<\/h2>\t\t\t\t<\/div>\n\t\t\t\t<\/div>\n\t\t\t\t<div class=\"elementor-element elementor-element-c8c37fa elementor-widget elementor-widget-text-editor\" data-id=\"c8c37fa\" data-element_type=\"widget\" data-e-type=\"widget\" data-widget_type=\"text-editor.default\">\n\t\t\t\t<div class=\"elementor-widget-container\">\n\t\t\t\t\t\t\t\t\t<p>Designet p\u00e5 vores h\u00f8jsenge er enkelt og passer ind til de fleste danske b\u00f8rnev\u00e6relser. Intet p\u00e5 vores h\u00f8jsenge er tilf\u00e6ldigt og er designet med \u00f8jne for dit barns sikkerhed og maximale komfort. H\u00f8jsengen kan som vores andre produkter, \u00e6ndres i h\u00f8jden hvis behovet skulle \u00e6ndres. Derudover kan vi tilbyde en r\u00e6kke l\u00e6kkert tilbeh\u00f8r, s\u00e5ledes du f\u00e5r det optimale ud af din nye seng fx kan du f\u00e5 en h\u00f8jseng med rutchebane. Vi har brugt de bedste materiale, hvilket betyder at kvaliteten er i top. Vi er derfor sikrer p\u00e5 at du og dit barn vil f\u00e5 gl\u00e6de af sin h\u00f8jseng i mange \u00e5r fremover.<\/p><p><b>Den alsidige h\u00f8jseng<\/b><br \/>Skal dit barn sove h\u00f8jt, s\u00e5 er en h\u00f8jseng den perfekte seng. Vores h\u00f8jsenge findes i to st\u00f8rrelser, men derudover har de samme muligheder. Med 137 cm luft under h\u00f8jsengen, er der masser plads til et skrivebord, reoler, opbevaring eller den kan ombygges til en k\u00f8jeseng. Det er kun din fantasi der s\u00e6tter gr\u00e6nsen. Du f\u00e5r med en h\u00f8jseng lov til at bruge den samme gulvplads to gange. En h\u00f8jseng er derfor optimal til sm\u00e5 v\u00e6relser, hvor hver en centimeter skal udnyttes optimalt.<\/p>\t\t\t\t\t\t\t\t<\/div>\n\t\t\t\t<\/div>\n\t\t\t\t<div class=\"elementor-element elementor-element-04f9fd8 elementor-widget elementor-widget-heading\" data-id=\"04f9fd8\" data-element_type=\"widget\" data-e-type=\"widget\" data-widget_type=\"heading.default\">\n\t\t\t\t<div class=\"elementor-widget-container\">\n\t\t\t\t\t<h2 class=\"elementor-heading-title elementor-size-default\">Produkter<\/h2>\t\t\t\t<\/div>\n\t\t\t\t<\/div>\n\t\t\t\t<div class=\"elementor-element elementor-element-dadd609 elementor-widget elementor-widget-razzi-products-grid\" data-id=\"dadd609\" data-element_type=\"widget\" data-e-type=\"widget\" data-settings=\"{&quot;category&quot;:&quot;hojsenge&quot;,&quot;per_page&quot;:20,&quot;columns&quot;:4,&quot;products&quot;:&quot;recent&quot;}\" data-widget_type=\"razzi-products-grid.default\">\n\t\t\t\t<div class=\"elementor-widget-container\">\n\t\t\t\t\t\t\t<div class=\"razzi-products-grid woocommerce\">\r\n\t\t\t<div class=\"product-content\"><ul class=\"products columns-4\">\n<li class=\"product type-product post-11641 status-publish first instock product_cat-hojsenge product_cat-hvid-hojsenge has-post-thumbnail taxable shipping-taxable purchasable product-type-simple\">\n\t<a href=\"https:\/\/scanliving.dk\/de\/alle-produkter\/hoejseng-90-x-200\/\" class=\"woocommerce-LoopProduct-link woocommerce-loop-product__link\"><img fetchpriority=\"high\" decoding=\"async\" width=\"570\" height=\"684\" src=\"https:\/\/scanliving.dk\/wp-content\/uploads\/2020\/10\/DSC9377-scaled-570x684.jpg\" class=\"attachment-woocommerce_thumbnail size-woocommerce_thumbnail\" alt=\"H\u00f8jseng 90 x 200\" srcset=\"https:\/\/scanliving.dk\/wp-content\/uploads\/2020\/10\/DSC9377-scaled-570x684.jpg 570w, https:\/\/scanliving.dk\/wp-content\/uploads\/2020\/10\/DSC9377-scaled-130x156.jpg 130w\" sizes=\"(max-width: 570px) 100vw, 570px\" \/><h2 class=\"woocommerce-loop-product__title\">H\u00f8jseng 90 x 200<\/h2><div id=\"woocommerce_after_shop_loop_item_title\" class=\"hookmeup-hook\"><p class=\"shopLoopProduceretDanmark\"><span style=\"vertical-align: inherit;\"><span style=\"vertical-align: inherit;\">Made in Denmark<\/span><\/span><\/p><\/div>\n\t<span class=\"price\"><span class=\"woocommerce-Price-amount amount\"><bdi><span class=\"woocommerce-Price-currencySymbol\">kr.<\/span>6.496<\/bdi><\/span><\/span>\n<\/a><a href=\"\/de\/wp-json\/wp\/v2\/pages\/255?add-to-cart=11641\" aria-describedby=\"woocommerce_loop_add_to_cart_link_describedby_11641\" data-quantity=\"1\" class=\"button product_type_simple add_to_cart_button ajax_add_to_cart\" data-product_id=\"11641\" data-product_sku=\"\" aria-label=\"In den Warenkorb legen: \u201eH\u00f8jseng 90 x 200\u201c\" rel=\"nofollow\" data-success_message=\"\u201eH\u00f8jseng 90 x 200\u201c wurde deinem Warenkorb hinzugef\u00fcgt\" role=\"button\" data-no-translation=\"\" data-trp-gettext=\"\" data-no-translation-aria-label=\"\" data-no-translation-data-success_message=\"\">In den Warenkorb<\/a>\t<span id=\"woocommerce_loop_add_to_cart_link_describedby_11641\" class=\"screen-reader-text\">\n\t\t\t<\/span>\n<\/li>\n<li class=\"product type-product post-11640 status-publish instock product_cat-hojsenge product_cat-hvid-hojsenge has-post-thumbnail taxable shipping-taxable purchasable product-type-simple\">\n\t<a href=\"https:\/\/scanliving.dk\/de\/alle-produkter\/hoejseng-90-x-190\/\" class=\"woocommerce-LoopProduct-link woocommerce-loop-product__link\"><img decoding=\"async\" width=\"570\" height=\"684\" src=\"https:\/\/scanliving.dk\/wp-content\/uploads\/2020\/10\/DSC8680-scaled-570x684.jpg\" class=\"attachment-woocommerce_thumbnail size-woocommerce_thumbnail\" alt=\"H\u00f8jseng 90 x 190\" srcset=\"https:\/\/scanliving.dk\/wp-content\/uploads\/2020\/10\/DSC8680-scaled-570x684.jpg 570w, https:\/\/scanliving.dk\/wp-content\/uploads\/2020\/10\/DSC8680-scaled-130x156.jpg 130w\" sizes=\"(max-width: 570px) 100vw, 570px\" \/><h2 class=\"woocommerce-loop-product__title\">H\u00f8jseng 90 x 190<\/h2><div id=\"woocommerce_after_shop_loop_item_title\" class=\"hookmeup-hook\"><p class=\"shopLoopProduceretDanmark\"><span style=\"vertical-align: inherit;\"><span style=\"vertical-align: inherit;\">Made in Denmark<\/span><\/span><\/p><\/div>\n\t<span class=\"price\"><span class=\"woocommerce-Price-amount amount\"><bdi><span class=\"woocommerce-Price-currencySymbol\">kr.<\/span>6.496<\/bdi><\/span><\/span>\n<\/a><a href=\"\/de\/wp-json\/wp\/v2\/pages\/255?add-to-cart=11640\" aria-describedby=\"woocommerce_loop_add_to_cart_link_describedby_11640\" data-quantity=\"1\" class=\"button product_type_simple add_to_cart_button ajax_add_to_cart\" data-product_id=\"11640\" data-product_sku=\"\" aria-label=\"In den Warenkorb legen: \u201eH\u00f8jseng 90 x 190\u201c\" rel=\"nofollow\" data-success_message=\"\u201eH\u00f8jseng 90 x 190\u201c wurde deinem Warenkorb hinzugef\u00fcgt\" role=\"button\" data-no-translation=\"\" data-trp-gettext=\"\" data-no-translation-aria-label=\"\" data-no-translation-data-success_message=\"\">In den Warenkorb<\/a>\t<span id=\"woocommerce_loop_add_to_cart_link_describedby_11640\" class=\"screen-reader-text\">\n\t\t\t<\/span>\n<\/li>\n<li class=\"product type-product post-11639 status-publish instock product_cat-hojsenge product_cat-hvid-hojsenge has-post-thumbnail taxable shipping-taxable purchasable product-type-simple\">\n\t<a href=\"https:\/\/scanliving.dk\/de\/alle-produkter\/hoejseng-70-x-200\/\" class=\"woocommerce-LoopProduct-link woocommerce-loop-product__link\"><img decoding=\"async\" width=\"570\" height=\"684\" src=\"https:\/\/scanliving.dk\/wp-content\/uploads\/2020\/10\/DSC9229-1-570x684.jpg\" class=\"attachment-woocommerce_thumbnail size-woocommerce_thumbnail\" alt=\"H\u00f8jseng 70 x 200\" srcset=\"https:\/\/scanliving.dk\/wp-content\/uploads\/2020\/10\/DSC9229-1-570x684.jpg 570w, https:\/\/scanliving.dk\/wp-content\/uploads\/2020\/10\/DSC9229-1-130x156.jpg 130w\" sizes=\"(max-width: 570px) 100vw, 570px\" \/><h2 class=\"woocommerce-loop-product__title\">H\u00f8jseng 70 x 200<\/h2><div id=\"woocommerce_after_shop_loop_item_title\" class=\"hookmeup-hook\"><p class=\"shopLoopProduceretDanmark\"><span style=\"vertical-align: inherit;\"><span style=\"vertical-align: inherit;\">Made in Denmark<\/span><\/span><\/p><\/div>\n\t<span class=\"price\"><span class=\"woocommerce-Price-amount amount\"><bdi><span class=\"woocommerce-Price-currencySymbol\">kr.<\/span>6.496<\/bdi><\/span><\/span>\n<\/a><a href=\"\/de\/wp-json\/wp\/v2\/pages\/255?add-to-cart=11639\" aria-describedby=\"woocommerce_loop_add_to_cart_link_describedby_11639\" data-quantity=\"1\" class=\"button product_type_simple add_to_cart_button ajax_add_to_cart\" data-product_id=\"11639\" data-product_sku=\"\" aria-label=\"In den Warenkorb legen: \u201eH\u00f8jseng 70 x 200\u201c\" rel=\"nofollow\" data-success_message=\"\u201eH\u00f8jseng 70 x 200\u201c wurde deinem Warenkorb hinzugef\u00fcgt\" role=\"button\" data-no-translation=\"\" data-trp-gettext=\"\" data-no-translation-aria-label=\"\" data-no-translation-data-success_message=\"\">In den Warenkorb<\/a>\t<span id=\"woocommerce_loop_add_to_cart_link_describedby_11639\" class=\"screen-reader-text\">\n\t\t\t<\/span>\n<\/li>\n<li class=\"product type-product post-11638 status-publish last instock product_cat-hojsenge product_cat-hvid-hojsenge has-post-thumbnail taxable shipping-taxable purchasable product-type-simple\">\n\t<a href=\"https:\/\/scanliving.dk\/de\/alle-produkter\/hoejseng-70-x-190\/\" class=\"woocommerce-LoopProduct-link woocommerce-loop-product__link\"><img loading=\"lazy\" decoding=\"async\" width=\"570\" height=\"684\" src=\"https:\/\/scanliving.dk\/wp-content\/uploads\/2022\/03\/hoejseng-570x684.png\" class=\"attachment-woocommerce_thumbnail size-woocommerce_thumbnail\" alt=\"H\u00f8jseng 70 x 190\" \/><h2 class=\"woocommerce-loop-product__title\">H\u00f8jseng 70 x 190<\/h2><div id=\"woocommerce_after_shop_loop_item_title\" class=\"hookmeup-hook\"><p class=\"shopLoopProduceretDanmark\"><span style=\"vertical-align: inherit;\"><span style=\"vertical-align: inherit;\">Made in Denmark<\/span><\/span><\/p><\/div>\n\t<span class=\"price\"><span class=\"woocommerce-Price-amount amount\"><bdi><span class=\"woocommerce-Price-currencySymbol\">kr.<\/span>6.496<\/bdi><\/span><\/span>\n<\/a><a href=\"\/de\/wp-json\/wp\/v2\/pages\/255?add-to-cart=11638\" aria-describedby=\"woocommerce_loop_add_to_cart_link_describedby_11638\" data-quantity=\"1\" class=\"button product_type_simple add_to_cart_button ajax_add_to_cart\" data-product_id=\"11638\" data-product_sku=\"\" aria-label=\"In den Warenkorb legen: \u201eH\u00f8jseng 70 x 190\u201c\" rel=\"nofollow\" data-success_message=\"\u201eH\u00f8jseng 70 x 190\u201c wurde deinem Warenkorb hinzugef\u00fcgt\" role=\"button\" data-no-translation=\"\" data-trp-gettext=\"\" data-no-translation-aria-label=\"\" data-no-translation-data-success_message=\"\">In den Warenkorb<\/a>\t<span id=\"woocommerce_loop_add_to_cart_link_describedby_11638\" class=\"screen-reader-text\">\n\t\t\t<\/span>\n<\/li>\n<li class=\"product type-product post-5486 status-publish first instock product_cat-enkeltsenge product_cat-halvhoj-senge product_cat-hojsenge product_cat-kojesenge has-post-thumbnail taxable shipping-taxable purchasable product-type-simple\">\n\t<a href=\"https:\/\/scanliving.dk\/de\/alle-produkter\/4-in-1\/\" class=\"woocommerce-LoopProduct-link woocommerce-loop-product__link\"><img loading=\"lazy\" decoding=\"async\" width=\"570\" height=\"684\" src=\"https:\/\/scanliving.dk\/wp-content\/uploads\/2021\/11\/205132-570x684.jpeg\" class=\"attachment-woocommerce_thumbnail size-woocommerce_thumbnail\" alt=\"4 in 1\" srcset=\"https:\/\/scanliving.dk\/wp-content\/uploads\/2021\/11\/205132-570x684.jpeg 570w, https:\/\/scanliving.dk\/wp-content\/uploads\/2021\/11\/205132-130x156.jpeg 130w\" sizes=\"(max-width: 570px) 100vw, 570px\" \/><h2 class=\"woocommerce-loop-product__title\">4 in 1<\/h2><div id=\"woocommerce_after_shop_loop_item_title\" class=\"hookmeup-hook\"><p class=\"shopLoopProduceretDanmark\"><span style=\"vertical-align: inherit;\"><span style=\"vertical-align: inherit;\">Made in Denmark<\/span><\/span><\/p><\/div>\n\t<span class=\"price\"><span class=\"woocommerce-Price-amount amount\"><bdi><span class=\"woocommerce-Price-currencySymbol\">kr.<\/span>7.498<\/bdi><\/span><\/span>\n<\/a><a href=\"\/de\/wp-json\/wp\/v2\/pages\/255?add-to-cart=5486\" aria-describedby=\"woocommerce_loop_add_to_cart_link_describedby_5486\" data-quantity=\"1\" class=\"button product_type_simple add_to_cart_button ajax_add_to_cart\" data-product_id=\"5486\" data-product_sku=\"\" aria-label=\"In den Warenkorb legen: \u201e4 in 1\u201c\" rel=\"nofollow\" data-success_message=\"\u201e4 in 1\u201c wurde deinem Warenkorb hinzugef\u00fcgt\" role=\"button\" data-no-translation=\"\" data-trp-gettext=\"\" data-no-translation-aria-label=\"\" data-no-translation-data-success_message=\"\">In den Warenkorb<\/a>\t<span id=\"woocommerce_loop_add_to_cart_link_describedby_5486\" class=\"screen-reader-text\">\n\t\t\t<\/span>\n<\/li>\n<\/ul>\n<\/div>\t\t<\/div>\r\n\t\t\t\t\t\t<\/div>\n\t\t\t\t<\/div>\n\t\t\t\t\t<\/div>\n\t\t<\/div>\n\t\t\t\t\t<\/div>\n\t\t<\/section>\n\t\t\t\t<\/div>","protected":false},"excerpt":{"rendered":"<p>Produkt H\u00f8jseng med gennemt\u00e6nkt design Designet p\u00e5 vores h\u00f8jsenge er enkelt og passer ind til de fleste danske b\u00f8rnev\u00e6relser. Intet p\u00e5 vores h\u00f8jsenge er tilf\u00e6ldigt og er designet med \u00f8jne for dit barns sikkerhed og maximale komfort. H\u00f8jsengen kan som vores andre produkter, \u00e6ndres i h\u00f8jden hvis behovet skulle \u00e6ndres. Derudover kan vi tilbyde en [&hellip;]<\/p>\n","protected":false},"author":3,"featured_media":0,"parent":0,"menu_order":0,"comment_status":"closed","ping_status":"closed","template":"","meta":{"footnotes":"","_links_to":"","_links_to_target":""},"class_list":["post-255","page","type-page","status-publish","hentry"],"_links":{"self":[{"href":"https:\/\/scanliving.dk\/de\/wp-json\/wp\/v2\/pages\/255","targetHints":{"allow":["GET"]}}],"collection":[{"href":"https:\/\/scanliving.dk\/de\/wp-json\/wp\/v2\/pages"}],"about":[{"href":"https:\/\/scanliving.dk\/de\/wp-json\/wp\/v2\/types\/page"}],"author":[{"embeddable":true,"href":"https:\/\/scanliving.dk\/de\/wp-json\/wp\/v2\/users\/3"}],"replies":[{"embeddable":true,"href":"https:\/\/scanliving.dk\/de\/wp-json\/wp\/v2\/comments?post=255"}],"version-history":[{"count":5,"href":"https:\/\/scanliving.dk\/de\/wp-json\/wp\/v2\/pages\/255\/revisions"}],"predecessor-version":[{"id":11517,"href":"https:\/\/scanliving.dk\/de\/wp-json\/wp\/v2\/pages\/255\/revisions\/11517"}],"wp:attachment":[{"href":"https:\/\/scanliving.dk\/de\/wp-json\/wp\/v2\/media?parent=255"}],"curies":[{"name":"wp","href":"https:\/\/api.w.org\/{rel}","templated":true}]}}