{"id":263,"date":"2020-07-28T11:54:03","date_gmt":"2020-07-28T11:54:03","guid":{"rendered":"https:\/\/scanliving.nordicmedia.org\/?page_id=263"},"modified":"2022-03-17T13:20:11","modified_gmt":"2022-03-17T13:20:11","slug":"enkelt-seng-fra-mojo","status":"publish","type":"page","link":"https:\/\/scanliving.dk\/de\/enkelt-seng-fra-mojo\/","title":{"rendered":"Enkelt seng fra Mojo"},"content":{"rendered":"<div data-elementor-type=\"wp-page\" data-elementor-id=\"263\" class=\"elementor elementor-263\" data-elementor-post-type=\"page\">\n\t\t\t\t\t\t<section class=\"elementor-section elementor-top-section elementor-element elementor-element-662777d elementor-hidden-desktop elementor-hidden-tablet elementor-hidden-phone elementor-section-boxed elementor-section-height-default elementor-section-height-default\" data-id=\"662777d\" data-element_type=\"section\" data-e-type=\"section\">\n\t\t\t\t\t\t<div class=\"elementor-container elementor-column-gap-default\">\n\t\t\t\t\t<div class=\"elementor-column elementor-col-50 elementor-top-column elementor-element elementor-element-536d07b\" data-id=\"536d07b\" data-element_type=\"column\" data-e-type=\"column\">\n\t\t\t<div class=\"elementor-widget-wrap elementor-element-populated\">\n\t\t\t\t\t\t<div class=\"elementor-element elementor-element-e984ebb elementor-widget elementor-widget-heading\" data-id=\"e984ebb\" data-element_type=\"widget\" data-e-type=\"widget\" data-widget_type=\"heading.default\">\n\t\t\t\t<div class=\"elementor-widget-container\">\n\t\t\t\t\t<h2 class=\"elementor-heading-title elementor-size-default\">Produkt<\/h2>\t\t\t\t<\/div>\n\t\t\t\t<\/div>\n\t\t\t\t\t<\/div>\n\t\t<\/div>\n\t\t\t\t<div class=\"elementor-column elementor-col-50 elementor-top-column elementor-element elementor-element-15616e9\" data-id=\"15616e9\" data-element_type=\"column\" data-e-type=\"column\">\n\t\t\t<div class=\"elementor-widget-wrap elementor-element-populated\">\n\t\t\t\t\t\t<div class=\"elementor-element elementor-element-8fcedc5 elementor-widget elementor-widget-heading\" data-id=\"8fcedc5\" data-element_type=\"widget\" data-e-type=\"widget\" data-widget_type=\"heading.default\">\n\t\t\t\t<div class=\"elementor-widget-container\">\n\t\t\t\t\t<h2 class=\"elementor-heading-title elementor-size-default\">Juniorsenge til sm\u00e5 spilopmagere<\/h2>\t\t\t\t<\/div>\n\t\t\t\t<\/div>\n\t\t\t\t<div class=\"elementor-element elementor-element-4940c3a elementor-widget elementor-widget-text-editor\" data-id=\"4940c3a\" data-element_type=\"widget\" data-e-type=\"widget\" data-widget_type=\"text-editor.default\">\n\t\t\t\t<div class=\"elementor-widget-container\">\n\t\t\t\t\t\t\t\t\t<p>N\u00e5r tremmesengen er blevet for lille, er dit barn klar til sin f\u00f8rste rigtige seng. Og her er juniorsengen et godt sted at starte, da den med sin st\u00f8rrelse stadig kan give barnet masser af tryghed.<\/p><p>\u00a0<\/p><p>Alle vores juniorsenge er fremstillet i b\u00e6redygtigt skandinavisk tr\u00e6 med vandbaseret lak. Dit barn kan derfor sove trygt og godt \u2013 og derudover har du med vores tilbeh\u00f8r masser af byggeklodser til at udvikle juniorsengen, s\u00e5 den f\u00f8lger barnets alder og behov. Du kan for eksempel s\u00e6tte en sengehest p\u00e5 i starten, s\u00e5 hverken barn, dyne eller bamser falder ud i l\u00f8bet af natten. Senere kan du bygge juniorsengen om til en halvh\u00f8j seng, s\u00e5 der er ogs\u00e5 er plads til rutsjebane og hulebyggeri \u2013 eller en k\u00f8jeseng, hvis barnet pludselig skal dele v\u00e6relse med en lilles\u00f8ster eller lillebror.<\/p><p>\u00a0<\/p><p>En god juniorseng er ikke kun et dejligt sted at sove. Vi stiller h\u00f8je krav til kvalitet og sikkerhed, s\u00e5 den ogs\u00e5 sagtens kan fungere som et piratskib, et prinsesseslot eller en vild racerbil.<\/p><p>\u00a0<\/p><p>Lad blot dit barn slippe fantasien l\u00f8s.<\/p>\t\t\t\t\t\t\t\t<\/div>\n\t\t\t\t<\/div>\n\t\t\t\t\t<\/div>\n\t\t<\/div>\n\t\t\t\t\t<\/div>\n\t\t<\/section>\n\t\t\t\t<section class=\"elementor-section elementor-top-section elementor-element elementor-element-8e6ac59 elementor-section-boxed elementor-section-height-default elementor-section-height-default\" data-id=\"8e6ac59\" data-element_type=\"section\" data-e-type=\"section\">\n\t\t\t\t\t\t<div class=\"elementor-container elementor-column-gap-default\">\n\t\t\t\t\t<div class=\"elementor-column elementor-col-100 elementor-top-column elementor-element elementor-element-124f93d\" data-id=\"124f93d\" data-element_type=\"column\" data-e-type=\"column\">\n\t\t\t<div class=\"elementor-widget-wrap elementor-element-populated\">\n\t\t\t\t\t\t<div class=\"elementor-element elementor-element-339a712 elementor-widget elementor-widget-heading\" data-id=\"339a712\" data-element_type=\"widget\" data-e-type=\"widget\" data-widget_type=\"heading.default\">\n\t\t\t\t<div class=\"elementor-widget-container\">\n\t\t\t\t\t<h2 class=\"elementor-heading-title elementor-size-default\">Juniorsenge til sm\u00e5 spilopmagere<\/h2>\t\t\t\t<\/div>\n\t\t\t\t<\/div>\n\t\t\t\t<div class=\"elementor-element elementor-element-75d156f elementor-widget elementor-widget-text-editor\" data-id=\"75d156f\" data-element_type=\"widget\" data-e-type=\"widget\" data-widget_type=\"text-editor.default\">\n\t\t\t\t<div class=\"elementor-widget-container\">\n\t\t\t\t\t\t\t\t\t<p>N\u00e5r tremmesengen er blevet for lille, er dit barn klar til sin f\u00f8rste rigtige seng. Og her er juniorsengen et godt sted at starte, da den med sin st\u00f8rrelse stadig kan give barnet masser af tryghed.<br \/>Alle vores juniorsenge er fremstillet i b\u00e6redygtigt skandinavisk tr\u00e6 med vandbaseret lak. Dit barn kan derfor sove trygt og godt \u2013 og derudover har du med vores tilbeh\u00f8r masser af byggeklodser til at udvikle juniorsengen, s\u00e5 den f\u00f8lger barnets alder og behov. Du kan for eksempel s\u00e6tte en sengehest p\u00e5 i starten, s\u00e5 hverken barn, dyne eller bamser falder ud i l\u00f8bet af natten. Senere kan du bygge juniorsengen om til en halvh\u00f8j seng, s\u00e5 der er ogs\u00e5 er plads til rutsjebane og hulebyggeri \u2013 eller en k\u00f8jeseng, hvis barnet pludselig skal dele v\u00e6relse med en lilles\u00f8ster eller lillebror.<br \/>En god juniorseng er ikke kun et dejligt sted at sove. Vi stiller h\u00f8je krav til kvalitet og sikkerhed, s\u00e5 den ogs\u00e5 sagtens kan fungere som et piratskib, et prinsesseslot eller en vild racerbil.<br \/>Lad blot dit barn slippe fantasien l\u00f8s.<\/p>\t\t\t\t\t\t\t\t<\/div>\n\t\t\t\t<\/div>\n\t\t\t\t<div class=\"elementor-element elementor-element-b838e59 elementor-widget elementor-widget-heading\" data-id=\"b838e59\" data-element_type=\"widget\" data-e-type=\"widget\" data-widget_type=\"heading.default\">\n\t\t\t\t<div class=\"elementor-widget-container\">\n\t\t\t\t\t<h2 class=\"elementor-heading-title elementor-size-default\">Produkter<\/h2>\t\t\t\t<\/div>\n\t\t\t\t<\/div>\n\t\t\t\t<div class=\"elementor-element elementor-element-dcfb709 elementor-widget elementor-widget-razzi-products-grid\" data-id=\"dcfb709\" data-element_type=\"widget\" data-e-type=\"widget\" data-settings=\"{&quot;category&quot;:&quot;enkeltsenge&quot;,&quot;per_page&quot;:20,&quot;order&quot;:&quot;desc&quot;,&quot;columns&quot;:4,&quot;products&quot;:&quot;recent&quot;}\" data-widget_type=\"razzi-products-grid.default\">\n\t\t\t\t<div class=\"elementor-widget-container\">\n\t\t\t\t\t\t\t<div class=\"razzi-products-grid woocommerce\">\r\n\t\t\t<div class=\"product-content\"><ul class=\"products columns-4\">\n<li class=\"product type-product post-11637 status-publish first instock product_cat-enkeltsenge product_cat-hvid has-post-thumbnail taxable shipping-taxable purchasable product-type-simple\">\n\t<a href=\"https:\/\/scanliving.dk\/de\/alle-produkter\/mojo-basis-seng-90-x-200\/\" class=\"woocommerce-LoopProduct-link woocommerce-loop-product__link\"><img fetchpriority=\"high\" decoding=\"async\" width=\"570\" height=\"684\" src=\"https:\/\/scanliving.dk\/wp-content\/uploads\/2020\/10\/DSC9023-570x684.jpg\" class=\"attachment-woocommerce_thumbnail size-woocommerce_thumbnail\" alt=\"Mojo basis seng 90 x 200\" srcset=\"https:\/\/scanliving.dk\/wp-content\/uploads\/2020\/10\/DSC9023-570x684.jpg 570w, https:\/\/scanliving.dk\/wp-content\/uploads\/2020\/10\/DSC9023-130x156.jpg 130w\" sizes=\"(max-width: 570px) 100vw, 570px\" \/><h2 class=\"woocommerce-loop-product__title\">Mojo basis seng 90 x 200<\/h2><div id=\"woocommerce_after_shop_loop_item_title\" class=\"hookmeup-hook\"><p class=\"shopLoopProduceretDanmark\"><span style=\"vertical-align: inherit;\"><span style=\"vertical-align: inherit;\">Made in Denmark<\/span><\/span><\/p><\/div>\n\t<span class=\"price\"><span class=\"woocommerce-Price-amount amount\"><bdi><span class=\"woocommerce-Price-currencySymbol\">kr.<\/span>2.148<\/bdi><\/span><\/span>\n<\/a><a href=\"\/de\/wp-json\/wp\/v2\/pages\/263?add-to-cart=11637\" aria-describedby=\"woocommerce_loop_add_to_cart_link_describedby_11637\" data-quantity=\"1\" class=\"button product_type_simple add_to_cart_button ajax_add_to_cart\" data-product_id=\"11637\" data-product_sku=\"\" aria-label=\"In den Warenkorb legen: \u201eMojo basis seng 90 x 200\u201c\" rel=\"nofollow\" data-success_message=\"\u201eMojo basis seng 90 x 200\u201c wurde deinem Warenkorb hinzugef\u00fcgt\" role=\"button\" data-no-translation=\"\" data-trp-gettext=\"\" data-no-translation-aria-label=\"\" data-no-translation-data-success_message=\"\">In den Warenkorb<\/a>\t<span id=\"woocommerce_loop_add_to_cart_link_describedby_11637\" class=\"screen-reader-text\">\n\t\t\t<\/span>\n<\/li>\n<li class=\"product type-product post-11636 status-publish instock product_cat-enkeltsenge product_cat-hvid has-post-thumbnail taxable shipping-taxable purchasable product-type-simple\">\n\t<a href=\"https:\/\/scanliving.dk\/de\/alle-produkter\/mojo-basis-seng-90-x-190\/\" class=\"woocommerce-LoopProduct-link woocommerce-loop-product__link\"><img decoding=\"async\" width=\"570\" height=\"684\" src=\"https:\/\/scanliving.dk\/wp-content\/uploads\/2022\/03\/enkelt-seng-med-tag-570x684.png\" class=\"attachment-woocommerce_thumbnail size-woocommerce_thumbnail\" alt=\"Mojo basis seng 90 x 190\" srcset=\"https:\/\/scanliving.dk\/wp-content\/uploads\/2022\/03\/enkelt-seng-med-tag-570x684.png 570w, https:\/\/scanliving.dk\/wp-content\/uploads\/2022\/03\/enkelt-seng-med-tag-130x156.png 130w\" sizes=\"(max-width: 570px) 100vw, 570px\" \/><h2 class=\"woocommerce-loop-product__title\">Mojo basis seng 90 x 190<\/h2><div id=\"woocommerce_after_shop_loop_item_title\" class=\"hookmeup-hook\"><p class=\"shopLoopProduceretDanmark\"><span style=\"vertical-align: inherit;\"><span style=\"vertical-align: inherit;\">Made in Denmark<\/span><\/span><\/p><\/div>\n\t<span class=\"price\"><span class=\"woocommerce-Price-amount amount\"><bdi><span class=\"woocommerce-Price-currencySymbol\">kr.<\/span>2.148<\/bdi><\/span><\/span>\n<\/a><a href=\"\/de\/wp-json\/wp\/v2\/pages\/263?add-to-cart=11636\" aria-describedby=\"woocommerce_loop_add_to_cart_link_describedby_11636\" data-quantity=\"1\" class=\"button product_type_simple add_to_cart_button ajax_add_to_cart\" data-product_id=\"11636\" data-product_sku=\"\" aria-label=\"In den Warenkorb legen: \u201eMojo basis seng 90 x 190\u201c\" rel=\"nofollow\" data-success_message=\"\u201eMojo basis seng 90 x 190\u201c wurde deinem Warenkorb hinzugef\u00fcgt\" role=\"button\" data-no-translation=\"\" data-trp-gettext=\"\" data-no-translation-aria-label=\"\" data-no-translation-data-success_message=\"\">In den Warenkorb<\/a>\t<span id=\"woocommerce_loop_add_to_cart_link_describedby_11636\" class=\"screen-reader-text\">\n\t\t\t<\/span>\n<\/li>\n<li class=\"product type-product post-11635 status-publish instock product_cat-enkeltsenge product_cat-hvid has-post-thumbnail taxable shipping-taxable purchasable product-type-simple\">\n\t<a href=\"https:\/\/scanliving.dk\/de\/alle-produkter\/mojo-basis-seng-70-x-200\/\" class=\"woocommerce-LoopProduct-link woocommerce-loop-product__link\"><img decoding=\"async\" width=\"570\" height=\"684\" src=\"https:\/\/scanliving.dk\/wp-content\/uploads\/2020\/10\/DSC9016-570x684.jpg\" class=\"attachment-woocommerce_thumbnail size-woocommerce_thumbnail\" alt=\"Mojo basis seng 70 x 200\" srcset=\"https:\/\/scanliving.dk\/wp-content\/uploads\/2020\/10\/DSC9016-570x684.jpg 570w, https:\/\/scanliving.dk\/wp-content\/uploads\/2020\/10\/DSC9016-130x156.jpg 130w\" sizes=\"(max-width: 570px) 100vw, 570px\" \/><h2 class=\"woocommerce-loop-product__title\">Mojo basis seng 70 x 200<\/h2><div id=\"woocommerce_after_shop_loop_item_title\" class=\"hookmeup-hook\"><p class=\"shopLoopProduceretDanmark\"><span style=\"vertical-align: inherit;\"><span style=\"vertical-align: inherit;\">Made in Denmark<\/span><\/span><\/p><\/div>\n\t<span class=\"price\"><span class=\"woocommerce-Price-amount amount\"><bdi><span class=\"woocommerce-Price-currencySymbol\">kr.<\/span>2.148<\/bdi><\/span><\/span>\n<\/a><a href=\"\/de\/wp-json\/wp\/v2\/pages\/263?add-to-cart=11635\" aria-describedby=\"woocommerce_loop_add_to_cart_link_describedby_11635\" data-quantity=\"1\" class=\"button product_type_simple add_to_cart_button ajax_add_to_cart\" data-product_id=\"11635\" data-product_sku=\"\" aria-label=\"In den Warenkorb legen: \u201eMojo basis seng 70 x 200\u201c\" rel=\"nofollow\" data-success_message=\"\u201eMojo basis seng 70 x 200\u201c wurde deinem Warenkorb hinzugef\u00fcgt\" role=\"button\" data-no-translation=\"\" data-trp-gettext=\"\" data-no-translation-aria-label=\"\" data-no-translation-data-success_message=\"\">In den Warenkorb<\/a>\t<span id=\"woocommerce_loop_add_to_cart_link_describedby_11635\" class=\"screen-reader-text\">\n\t\t\t<\/span>\n<\/li>\n<li class=\"product type-product post-11634 status-publish last instock product_cat-enkeltsenge product_cat-hvid has-post-thumbnail taxable shipping-taxable purchasable product-type-simple\">\n\t<a href=\"https:\/\/scanliving.dk\/de\/alle-produkter\/mojo-basis-seng-70-x-190\/\" class=\"woocommerce-LoopProduct-link woocommerce-loop-product__link\"><img loading=\"lazy\" decoding=\"async\" width=\"570\" height=\"684\" src=\"https:\/\/scanliving.dk\/wp-content\/uploads\/2020\/10\/DSC9022-570x684.jpg\" class=\"attachment-woocommerce_thumbnail size-woocommerce_thumbnail\" alt=\"Mojo basis seng 70 x 190\" srcset=\"https:\/\/scanliving.dk\/wp-content\/uploads\/2020\/10\/DSC9022-570x684.jpg 570w, https:\/\/scanliving.dk\/wp-content\/uploads\/2020\/10\/DSC9022-130x156.jpg 130w\" sizes=\"(max-width: 570px) 100vw, 570px\" \/><h2 class=\"woocommerce-loop-product__title\">Mojo basis seng 70 x 190<\/h2><div id=\"woocommerce_after_shop_loop_item_title\" class=\"hookmeup-hook\"><p class=\"shopLoopProduceretDanmark\"><span style=\"vertical-align: inherit;\"><span style=\"vertical-align: inherit;\">Made in Denmark<\/span><\/span><\/p><\/div>\n\t<span class=\"price\"><span class=\"woocommerce-Price-amount amount\"><bdi><span class=\"woocommerce-Price-currencySymbol\">kr.<\/span>2.148<\/bdi><\/span><\/span>\n<\/a><a href=\"\/de\/wp-json\/wp\/v2\/pages\/263?add-to-cart=11634\" aria-describedby=\"woocommerce_loop_add_to_cart_link_describedby_11634\" data-quantity=\"1\" class=\"button product_type_simple add_to_cart_button ajax_add_to_cart\" data-product_id=\"11634\" data-product_sku=\"\" aria-label=\"In den Warenkorb legen: \u201eMojo basis seng 70 x 190\u201c\" rel=\"nofollow\" data-success_message=\"\u201eMojo basis seng 70 x 190\u201c wurde deinem Warenkorb hinzugef\u00fcgt\" role=\"button\" data-no-translation=\"\" data-trp-gettext=\"\" data-no-translation-aria-label=\"\" data-no-translation-data-success_message=\"\">In den Warenkorb<\/a>\t<span id=\"woocommerce_loop_add_to_cart_link_describedby_11634\" class=\"screen-reader-text\">\n\t\t\t<\/span>\n<\/li>\n<li class=\"product type-product post-5486 status-publish first instock product_cat-enkeltsenge product_cat-halvhoj-senge product_cat-hojsenge product_cat-kojesenge has-post-thumbnail taxable shipping-taxable purchasable product-type-simple\">\n\t<a href=\"https:\/\/scanliving.dk\/de\/alle-produkter\/4-in-1\/\" class=\"woocommerce-LoopProduct-link woocommerce-loop-product__link\"><img loading=\"lazy\" decoding=\"async\" width=\"570\" height=\"684\" src=\"https:\/\/scanliving.dk\/wp-content\/uploads\/2021\/11\/205132-570x684.jpeg\" class=\"attachment-woocommerce_thumbnail size-woocommerce_thumbnail\" alt=\"4 in 1\" srcset=\"https:\/\/scanliving.dk\/wp-content\/uploads\/2021\/11\/205132-570x684.jpeg 570w, https:\/\/scanliving.dk\/wp-content\/uploads\/2021\/11\/205132-130x156.jpeg 130w\" sizes=\"(max-width: 570px) 100vw, 570px\" \/><h2 class=\"woocommerce-loop-product__title\">4 in 1<\/h2><div id=\"woocommerce_after_shop_loop_item_title\" class=\"hookmeup-hook\"><p class=\"shopLoopProduceretDanmark\"><span style=\"vertical-align: inherit;\"><span style=\"vertical-align: inherit;\">Made in Denmark<\/span><\/span><\/p><\/div>\n\t<span class=\"price\"><span class=\"woocommerce-Price-amount amount\"><bdi><span class=\"woocommerce-Price-currencySymbol\">kr.<\/span>7.498<\/bdi><\/span><\/span>\n<\/a><a href=\"\/de\/wp-json\/wp\/v2\/pages\/263?add-to-cart=5486\" aria-describedby=\"woocommerce_loop_add_to_cart_link_describedby_5486\" data-quantity=\"1\" class=\"button product_type_simple add_to_cart_button ajax_add_to_cart\" data-product_id=\"5486\" data-product_sku=\"\" aria-label=\"In den Warenkorb legen: \u201e4 in 1\u201c\" rel=\"nofollow\" data-success_message=\"\u201e4 in 1\u201c wurde deinem Warenkorb hinzugef\u00fcgt\" role=\"button\" data-no-translation=\"\" data-trp-gettext=\"\" data-no-translation-aria-label=\"\" data-no-translation-data-success_message=\"\">In den Warenkorb<\/a>\t<span id=\"woocommerce_loop_add_to_cart_link_describedby_5486\" class=\"screen-reader-text\">\n\t\t\t<\/span>\n<\/li>\n<\/ul>\n<\/div>\t\t<\/div>\r\n\t\t\t\t\t\t<\/div>\n\t\t\t\t<\/div>\n\t\t\t\t\t<\/div>\n\t\t<\/div>\n\t\t\t\t\t<\/div>\n\t\t<\/section>\n\t\t\t\t<\/div>","protected":false},"excerpt":{"rendered":"<p>Produkt Juniorsenge til sm\u00e5 spilopmagere N\u00e5r tremmesengen er blevet for lille, er dit barn klar til sin f\u00f8rste rigtige seng. Og her er juniorsengen et godt sted at starte, da den med sin st\u00f8rrelse stadig kan give barnet masser af tryghed. \u00a0 Alle vores juniorsenge er fremstillet i b\u00e6redygtigt skandinavisk tr\u00e6 med vandbaseret lak. Dit [&hellip;]<\/p>\n","protected":false},"author":3,"featured_media":0,"parent":0,"menu_order":0,"comment_status":"closed","ping_status":"closed","template":"","meta":{"footnotes":"","_links_to":"","_links_to_target":""},"class_list":["post-263","page","type-page","status-publish","hentry"],"_links":{"self":[{"href":"https:\/\/scanliving.dk\/de\/wp-json\/wp\/v2\/pages\/263","targetHints":{"allow":["GET"]}}],"collection":[{"href":"https:\/\/scanliving.dk\/de\/wp-json\/wp\/v2\/pages"}],"about":[{"href":"https:\/\/scanliving.dk\/de\/wp-json\/wp\/v2\/types\/page"}],"author":[{"embeddable":true,"href":"https:\/\/scanliving.dk\/de\/wp-json\/wp\/v2\/users\/3"}],"replies":[{"embeddable":true,"href":"https:\/\/scanliving.dk\/de\/wp-json\/wp\/v2\/comments?post=263"}],"version-history":[{"count":5,"href":"https:\/\/scanliving.dk\/de\/wp-json\/wp\/v2\/pages\/263\/revisions"}],"predecessor-version":[{"id":11350,"href":"https:\/\/scanliving.dk\/de\/wp-json\/wp\/v2\/pages\/263\/revisions\/11350"}],"wp:attachment":[{"href":"https:\/\/scanliving.dk\/de\/wp-json\/wp\/v2\/media?parent=263"}],"curies":[{"name":"wp","href":"https:\/\/api.w.org\/{rel}","templated":true}]}}