{"id":11626,"date":"2022-03-22T10:05:05","date_gmt":"2022-03-22T10:05:05","guid":{"rendered":"https:\/\/scanliving.dk\/?post_type=product&#038;p=11626"},"modified":"2022-04-28T10:44:58","modified_gmt":"2022-04-28T10:44:58","slug":"koejeseng-skraa-stige-70-x-190","status":"publish","type":"product","link":"https:\/\/scanliving.dk\/de\/alle-produkter\/koejeseng-skraa-stige-70-x-190\/","title":{"rendered":"K\u00f8jeseng skr\u00e5 stige 70 x 190"},"content":{"rendered":"","protected":false},"excerpt":{"rendered":"<p>Med en Mojo k\u00f8jeseng med skr\u00e5.\u00a0Dejlig seng til b\u00f8rn og voksne. Sengen har skr\u00e5 stige som g\u00f8re det endnu lettere at komme op i den \u00f8verste k\u00f8je. Vores senge er godkendt til min. 100 kg per k\u00f8je s\u00e5 der er plads til 2 b\u00f8rn eller hvis der skal l\u00e6ses godnat historie ved sengetid. Sengen er yderst stabil og kan sagtens bruges til sommerhus eller g\u00e6stev\u00e6relse. Sengene er modulbaserede og kan skilles ad til 2 enkeltsenge elle bygges mod med en af vores tilbeh\u00f8rspakker.<\/p>","protected":false},"featured_media":5360,"template":"","meta":{"_links_to":"","_links_to_target":""},"product_cat":[110,24],"product_tag":[],"class_list":{"0":"post-11626","1":"product","2":"type-product","3":"status-publish","4":"has-post-thumbnail","6":"product_cat-hvid-kojesenge","7":"product_cat-kojesenge","9":"first","10":"instock","11":"taxable","12":"shipping-taxable","13":"purchasable","14":"product-type-simple"},"_links":{"self":[{"href":"https:\/\/scanliving.dk\/de\/wp-json\/wp\/v2\/product\/11626","targetHints":{"allow":["GET"]}}],"collection":[{"href":"https:\/\/scanliving.dk\/de\/wp-json\/wp\/v2\/product"}],"about":[{"href":"https:\/\/scanliving.dk\/de\/wp-json\/wp\/v2\/types\/product"}],"wp:featuredmedia":[{"embeddable":true,"href":"https:\/\/scanliving.dk\/de\/wp-json\/wp\/v2\/media\/5360"}],"wp:attachment":[{"href":"https:\/\/scanliving.dk\/de\/wp-json\/wp\/v2\/media?parent=11626"}],"wp:term":[{"taxonomy":"product_cat","embeddable":true,"href":"https:\/\/scanliving.dk\/de\/wp-json\/wp\/v2\/product_cat?post=11626"},{"taxonomy":"product_tag","embeddable":true,"href":"https:\/\/scanliving.dk\/de\/wp-json\/wp\/v2\/product_tag?post=11626"}],"curies":[{"name":"wp","href":"https:\/\/api.w.org\/{rel}","templated":true}]}}