{"id":11632,"date":"2022-03-22T10:12:11","date_gmt":"2022-03-22T10:12:11","guid":{"rendered":"https:\/\/scanliving.dk\/?post_type=product&#038;p=11632"},"modified":"2022-04-28T10:37:40","modified_gmt":"2022-04-28T10:37:40","slug":"koejeseng-lige-stige-90-x-190","status":"publish","type":"product","link":"https:\/\/scanliving.dk\/de\/alle-produkter\/koejeseng-lige-stige-90-x-190\/","title":{"rendered":"K\u00f8jeseng lige stige 90 x 190"},"content":{"rendered":"<h4>Skab muligheder med tilbeh\u00f8ret<\/h4>\n<p>Til vores\u00a0k\u00f8jeseng\u00a0med lige stige kan der k\u00f8bes meget forskelligt tilbeh\u00f8r. Det som alt vores tilbeh\u00f8r har til f\u00e6lles er, at alle tingene er med til at give en funktion til sengen. Det kan v\u00e6re funktioner som for eksempel hygge eller af den mere praktiske slags, opbevaring. Hyggen kan skabes ved at k\u00f8be vores l\u00e6kre, bl\u00f8de puder, der kommer i flere farver. Opbevaringen kan du f\u00e5 ved at k\u00f8be vores skuffer, der kan v\u00e6re under den nederste k\u00f8je. En anden type skuffe du kan k\u00f8be er vores sengeskuffe. Med sengeskuffen f\u00e5r du en ekstra soveplads p\u00e5 b\u00f8rnev\u00e6relset, s\u00e5 du er klar til, n\u00e5r dine b\u00f8rn har venner overnattende.<\/p>\n<h4>Flere typer af senge i en<\/h4>\n<p>Som alle vores Mojo senge, kan vores k\u00f8jeseng med lige stige ogs\u00e5 \u00e6ndres til andre typer af senge. K\u00f8jesengen kan blive til to enkeltsenge eller en halvh\u00f8j seng og en enkeltseng. Du investerer alts\u00e5 dine penge i en seng, der giver dig flere l\u00f8sninger. Vores\u00a0k\u00f8jeseng\u00a0med lige stige kan derfor bruges i mange \u00e5r af dine b\u00f8rn. Udover at den kan bruges i mange \u00e5r, kan den ogs\u00e5 tilpasses til de krav, som dine b\u00f8rn eller du selv m\u00e5tte f\u00e5 til en senere indretning af b\u00f8rnev\u00e6relset. Med denne k\u00f8jeseng kan du kun se l\u00f8sninger p\u00e5 de problemer, som du kan m\u00f8de, n\u00e5r du indretter b\u00f8rnev\u00e6relset.\u00a0Med andre ord kan du og dine b\u00f8rn alts\u00e5 kun blive glad for vores k\u00f8jeseng med lige stige.<\/p>","protected":false},"excerpt":{"rendered":"<p>Med en Mojo\u00a0k\u00f8jeseng\u00a0med lige stige sikrer du, at gulvpladsen p\u00e5 b\u00f8rnev\u00e6relset er optimalt udbyttet. K\u00f8jesengen er derfor optimal til b\u00f8rnev\u00e6relset, hvor der ikke er meget plads. Du sikrer samtidig ogs\u00e5, at\u00a0det er nemmere for dig at st\u00f8vsuge p\u00e5 deres v\u00e6relse, fordi du ikke skal bev\u00e6ge dig rundt om den.<\/p>","protected":false},"featured_media":3919,"template":"","meta":{"_links_to":"","_links_to_target":""},"product_cat":[42,110,24],"product_tag":[],"class_list":{"0":"post-11632","1":"product","2":"type-product","3":"status-publish","4":"has-post-thumbnail","6":"product_cat-black-friday","7":"product_cat-hvid-kojesenge","8":"product_cat-kojesenge","10":"first","11":"instock","12":"taxable","13":"shipping-taxable","14":"purchasable","15":"product-type-simple"},"_links":{"self":[{"href":"https:\/\/scanliving.dk\/de\/wp-json\/wp\/v2\/product\/11632","targetHints":{"allow":["GET"]}}],"collection":[{"href":"https:\/\/scanliving.dk\/de\/wp-json\/wp\/v2\/product"}],"about":[{"href":"https:\/\/scanliving.dk\/de\/wp-json\/wp\/v2\/types\/product"}],"wp:featuredmedia":[{"embeddable":true,"href":"https:\/\/scanliving.dk\/de\/wp-json\/wp\/v2\/media\/3919"}],"wp:attachment":[{"href":"https:\/\/scanliving.dk\/de\/wp-json\/wp\/v2\/media?parent=11632"}],"wp:term":[{"taxonomy":"product_cat","embeddable":true,"href":"https:\/\/scanliving.dk\/de\/wp-json\/wp\/v2\/product_cat?post=11632"},{"taxonomy":"product_tag","embeddable":true,"href":"https:\/\/scanliving.dk\/de\/wp-json\/wp\/v2\/product_tag?post=11632"}],"curies":[{"name":"wp","href":"https:\/\/api.w.org\/{rel}","templated":true}]}}